{"id":37,"date":"2020-03-29T15:23:43","date_gmt":"2020-03-29T13:23:43","guid":{"rendered":"https:\/\/www.essige.com\/wordneu\/?page_id=37"},"modified":"2020-11-07T13:54:31","modified_gmt":"2020-11-07T12:54:31","slug":"ueber-uns","status":"publish","type":"page","link":"https:\/\/www.essige.com\/","title":{"rendered":"\u00dcber uns"},"content":{"rendered":"\n<p>Wir, das sind Elfriede und Gerhart Neuherz sind stolze Besitzer einer kleinen h\u00fcgeligen Landwirtschaft, welche von Elfi im Nebenerwerb gef\u00fchrt wird. Begonnen hat alles als, Elfi im Jahre 1997 mit Hilfe von Apfelessig abnehmen wollte. Unser Vater erzeugte den Apfelessig wie seine Vorfahren noch aus Trester. Da dieser Essig nicht unseren Geschmack entsprach entschieden wir uns Apfelessig aus unseren guten Apfelmost zu machen. Als Heimwerker baute ich meiner Elfi in nur 3 Monaten eine kleine Essiganlage, die sogar funktionierte.<br> Seit damals l\u00e4sst uns der Essig und alles rund um den Essig nicht mehr los. In der Zwischenzeit hat sich die positive Wirkung des Essigs auch bei meiner Frau bemerkbar gemacht. Man staune, 18kg in 12 Monaten.<\/p>\n\n\n\n<div class=\"wp-block-image\"><figure class=\"aligncenter\"><img decoding=\"async\" src=\"..\/..\/Bilder\/ueber\/gerhart_elfi_klein.gif\" alt=\"Elfi und Gerhart\"\/><\/figure><\/div>\n\n\n\n<p>1999 begannen wir zus\u00e4tzlich zu unseren alten Streuobstbestand 0,5 ha mit alten Apfelsorten alles Hochstamm zu bepflanzen.<br> Im Jahr 2000 konnten wir bei der steirischen Landesbewertung unseren Apfelmost \u201e alte Sorte\u201c die erste Goldmedaille erreichen.<br> So wurden 2000 und 2001 nochmals 1 ha mit alten Apfelsorten alles Hochstamm gepflanzt.Unsere Sorten sind: Ilzer-Weinler, Bohnapfel, Welschbrunner; Annanas-Renette, Kronprinz- Rudolf, Schafnase, Krumstiel, Gravensteiner, Danzinger-Kantapfel, Himbeerapfel, Zitronenapfel.<\/p>\n\n\n\n<div class=\"wp-block-image is-style-default\"><figure class=\"aligncenter\"><img decoding=\"async\" src=\"..\/..\/Bilder\/ueber\/hochstamm.jpg\" alt=\"Hochstamm\"\/><\/figure><\/div>\n\n\n\n<p>1999 stellten wir auch unseren Mostkeller auf Edelstahltanks um. Unsere ersten Essigsorten waren L\u00e4rchenessig, Fichtenspitzenessig sowie Rosenbl\u00fctenessig, wobei uns viele Leute schon als Spinner bezeichnet haben. \u201eSpinner\u201c das deutsche Wort f\u00fcr Vision\u00e4r.<br> Wir waren aber schon immer von unseren Ideen und unserer Qualit\u00e4t \u00fcberzeugt, welche uns durch viele Auszeichnungen best\u00e4tigt wurde.<\/p>\n\n\n\n<div class=\"wp-block-image\"><figure class=\"aligncenter\"><img decoding=\"async\" src=\"..\/..\/Bilder\/ueber\/essiganlage.jpg\" alt=\"Essiganlage\"\/><\/figure><\/div>\n\n\n\n<p class=\"has-text-align-center\"><strong>Herzlichst Ihre Fam. Neuherz!<\/strong><\/p>\n\n\n\n<p><\/p>\n\n\n\n<p>&#8222;Neuherz Essig&#8220;, der Name steht f\u00fcr Spezialit\u00e4ten aus dem Vulkanland.<br> Lebens und Genussmittel vom Direktvermarkter.<br> Ob Essig, Essige, Obstwein, Most, Edelbr\u00e4nde, bei Neuherz sind Sie richtig.<\/p>\n","protected":false},"excerpt":{"rendered":"<p>Wir, das sind Elfriede und Gerhart Neuherz sind stolze Besitzer einer kleinen h\u00fcgeligen Landwirtschaft, welche von Elfi im Nebenerwerb gef\u00fchrt wird. Begonnen hat alles als, Elfi im Jahre 1997 mit Hilfe von Apfelessig abnehmen wollte. Unser Vater erzeugte den Apfelessig wie seine Vorfahren noch aus Trester. Da dieser Essig nicht unseren Geschmack entsprach entschieden wir &hellip; <\/p>\n<p class=\"link-more\"><a href=\"https:\/\/www.essige.com\/\" class=\"more-link\"><span class=\"screen-reader-text\">\u201e\u00dcber uns\u201c <\/span>weiterlesen<\/a><\/p>\n","protected":false},"author":1,"featured_media":0,"parent":0,"menu_order":0,"comment_status":"closed","ping_status":"closed","template":"","meta":{"footnotes":""},"class_list":["post-37","page","type-page","status-publish","hentry"],"aioseo_notices":[],"jetpack_sharing_enabled":true,"amp_enabled":false,"_links":{"self":[{"href":"https:\/\/www.essige.com\/index.php?rest_route=\/wp\/v2\/pages\/37","targetHints":{"allow":["GET"]}}],"collection":[{"href":"https:\/\/www.essige.com\/index.php?rest_route=\/wp\/v2\/pages"}],"about":[{"href":"https:\/\/www.essige.com\/index.php?rest_route=\/wp\/v2\/types\/page"}],"author":[{"embeddable":true,"href":"https:\/\/www.essige.com\/index.php?rest_route=\/wp\/v2\/users\/1"}],"replies":[{"embeddable":true,"href":"https:\/\/www.essige.com\/index.php?rest_route=%2Fwp%2Fv2%2Fcomments&post=37"}],"version-history":[{"count":2,"href":"https:\/\/www.essige.com\/index.php?rest_route=\/wp\/v2\/pages\/37\/revisions"}],"predecessor-version":[{"id":347,"href":"https:\/\/www.essige.com\/index.php?rest_route=\/wp\/v2\/pages\/37\/revisions\/347"}],"wp:attachment":[{"href":"https:\/\/www.essige.com\/index.php?rest_route=%2Fwp%2Fv2%2Fmedia&parent=37"}],"curies":[{"name":"wp","href":"https:\/\/api.w.org\/{rel}","templated":true}]}}