{"id":55,"date":"2020-03-29T15:34:32","date_gmt":"2020-03-29T13:34:32","guid":{"rendered":"https:\/\/www.essige.com\/wordneu\/?page_id=55"},"modified":"2020-03-29T15:34:32","modified_gmt":"2020-03-29T13:34:32","slug":"disclaimer","status":"publish","type":"page","link":"https:\/\/www.essige.com\/?page_id=55","title":{"rendered":"Disclaimer"},"content":{"rendered":"\n<figure class=\"wp-block-table\"><table class=\"\"><tbody><tr><td><\/td><\/tr><tr><td>&nbsp;<strong>&nbsp;Inhalt des Webangebotes <\/strong>&nbsp;Die Autoren \u00fcbernehmen keine Haftung f\u00fcr die Aktualit\u00e4t, die inhaltlicheRichtigkeit sowie f\u00fcr die Vollst\u00e4ndigkeit der in ihrem Webangeboteingestellten Informationen, es sei denn die Fehler wurden vors\u00e4tzlich odergrob fahrl\u00e4ssig aufgenommen. Dies bezieht sich auf eventuelle Sch\u00e4denmaterieller oder ideeller Art Dritter, die durch die Nutzung diesesWebangebotes verursacht wurden. Alle Angebote sind freibleibend undunverbindlich. Die Autoren behalten es sich ausdr\u00fccklich vor, Teile derSeiten oder das gesamte Angebot ohne gesonderte Ank\u00fcndigung zu ver\u00e4ndern, zuerg\u00e4nzen, zu l\u00f6schen oder die Ver\u00f6ffentlichung zeitweise oder endg\u00fcltig einzustellen.&nbsp;<strong> Copyright <\/strong>&nbsp;Die Autoren sind bestrebt, in allen Publikationen die Urheberrechte derverwendeten Grafiken, Tondokumente, Videosequenzen und Texte zu beachten.Alle innerhalb des Internetangebotes genannten und ggf. durch Drittegesch\u00fctzten Marken- und Warenzeichen unterliegen uneingeschr\u00e4nkt denBestimmungen des jeweils g\u00fcltigen Kennzeichenrechts und den Besitzrechtender jeweiligen eingetragenen Eigent\u00fcmer. Das Copyright f\u00fcr ver\u00f6ffentlichte,von den Autoren selbst erstellten Objekten bleibt allein bei den Autoren derSeiten. Eine Vervielf\u00e4ltigung oder Verwendung solcher Grafiken,Tondokumente, Videosequenzen und Texte in anderen elektronischen odergedruckten Publikationen ist ohne ausdr\u00fcckliche Zustimmung des jeweiligenAutors nicht gestattet.&nbsp;<strong> Externe Verweise und Links <\/strong>&nbsp;Mit Urteil vom 12.Mai 1998 hat das LG Hamburg entschieden, dass man durchdie Ausbringung eines Links die Inhalte der gelinkten Seite ggf. mit zuverantworten hat. Dies kann, so das LG, nur dadurch verhindert werden, dassman sich ausdr\u00fccklich von diesen Inhalten distanziert.&nbsp;Die Autoren haben auf ihren Seiten Links zu Seiten im Internet gelegt, derenInhalt und Aktualisierung nicht in ihrem Einflussbereich liegen. F\u00fcr allediese Links gilt:&#8220;Die Autoren haben keinen Einfluss auf Gestaltung und Inhalte fremderInternetseiten. Sie distanzieren sich daher ausdr\u00fccklich von allen fremdenInhalten, auch wenn von Seiten der Autoren auf diese externe Seiten ein Linkgesetzt wurde.&#8220;&nbsp;Diese Erkl\u00e4rung gilt f\u00fcr alle auf diesem Webauftritt angezeigten Links undf\u00fcr alle Inhalte der Seiten, zu denen die hier angemeldeten Banner und Linksf\u00fchren.&nbsp;<strong> Datenschutz <\/strong>&nbsp;Sofern innerhalb des Internetangebotes die M\u00f6glichkeit der Eingabe vonpers\u00f6nlichen Daten (Emailadresse, Namen, Anschriften) besteht, erfolgt diesefreiwillig. Die Autoren erkl\u00e4ren ausdr\u00fccklich, dass sie diese Daten nicht anDritte weitergeben.&nbsp;<strong> Rechtswirksamkeit <\/strong>&nbsp;Dieser Haftungsausschluss ist Teil des Internetangebotes der Autoren. Soferneinzelne Formulierungen oder Teile dieses Textes der geltenden Rechtslagenicht mehr oder nicht mehr vollst\u00e4ndig entsprechen, bleiben die \u00fcbrigenTeile dieser Erkl\u00e4rung davon unber\u00fchrt.&nbsp;<\/td><\/tr><\/tbody><\/table><\/figure>\n","protected":false},"excerpt":{"rendered":"<p>&nbsp;&nbsp;Inhalt des Webangebotes &nbsp;Die Autoren \u00fcbernehmen keine Haftung f\u00fcr die Aktualit\u00e4t, die inhaltlicheRichtigkeit sowie f\u00fcr die Vollst\u00e4ndigkeit der in ihrem Webangeboteingestellten Informationen, es sei denn die Fehler wurden vors\u00e4tzlich odergrob fahrl\u00e4ssig aufgenommen. Dies bezieht sich auf eventuelle Sch\u00e4denmaterieller oder ideeller Art Dritter, die durch die Nutzung diesesWebangebotes verursacht wurden. Alle Angebote sind freibleibend undunverbindlich. Die &hellip; <\/p>\n<p class=\"link-more\"><a href=\"https:\/\/www.essige.com\/?page_id=55\" class=\"more-link\"><span class=\"screen-reader-text\">\u201eDisclaimer\u201c <\/span>weiterlesen<\/a><\/p>\n","protected":false},"author":1,"featured_media":0,"parent":0,"menu_order":0,"comment_status":"closed","ping_status":"closed","template":"","meta":{"footnotes":""},"class_list":["post-55","page","type-page","status-publish","hentry"],"aioseo_notices":[],"jetpack_sharing_enabled":true,"amp_enabled":true,"_links":{"self":[{"href":"https:\/\/www.essige.com\/index.php?rest_route=\/wp\/v2\/pages\/55","targetHints":{"allow":["GET"]}}],"collection":[{"href":"https:\/\/www.essige.com\/index.php?rest_route=\/wp\/v2\/pages"}],"about":[{"href":"https:\/\/www.essige.com\/index.php?rest_route=\/wp\/v2\/types\/page"}],"author":[{"embeddable":true,"href":"https:\/\/www.essige.com\/index.php?rest_route=\/wp\/v2\/users\/1"}],"replies":[{"embeddable":true,"href":"https:\/\/www.essige.com\/index.php?rest_route=%2Fwp%2Fv2%2Fcomments&post=55"}],"version-history":[{"count":1,"href":"https:\/\/www.essige.com\/index.php?rest_route=\/wp\/v2\/pages\/55\/revisions"}],"predecessor-version":[{"id":57,"href":"https:\/\/www.essige.com\/index.php?rest_route=\/wp\/v2\/pages\/55\/revisions\/57"}],"wp:attachment":[{"href":"https:\/\/www.essige.com\/index.php?rest_route=%2Fwp%2Fv2%2Fmedia&parent=55"}],"curies":[{"name":"wp","href":"https:\/\/api.w.org\/{rel}","templated":true}]}}